{"id":971,"date":"2022-01-28T11:43:02","date_gmt":"2022-01-28T11:43:02","guid":{"rendered":"https:\/\/aceleranet.ao\/?page_id=971"},"modified":"2022-01-28T12:30:05","modified_gmt":"2022-01-28T12:30:05","slug":"isp-acelerados","status":"publish","type":"page","link":"https:\/\/aceleranet.ao\/en\/isp-acelerados\/","title":{"rendered":"isp-acelerados"},"content":{"rendered":"<div data-elementor-type=\"wp-page\" data-elementor-id=\"971\" class=\"elementor elementor-971\">\n\t\t\t\t\t\t\t\t\t<section class=\"elementor-section elementor-top-section elementor-element elementor-element-56ddf2b elementor-section-boxed elementor-section-height-default elementor-section-height-default\" data-id=\"56ddf2b\" data-element_type=\"section\">\n\t\t\t\t\t\t<div class=\"elementor-container elementor-column-gap-default\">\n\t\t\t\t\t<div class=\"elementor-column elementor-col-100 elementor-top-column elementor-element elementor-element-14650ec\" data-id=\"14650ec\" data-element_type=\"column\">\n\t\t\t<div class=\"elementor-widget-wrap elementor-element-populated\">\n\t\t\t\t\t\t\t\t<div class=\"elementor-element elementor-element-ed5e115 elementor-widget elementor-widget-heading\" data-id=\"ed5e115\" data-element_type=\"widget\" data-widget_type=\"heading.default\">\n\t\t\t\t<div class=\"elementor-widget-container\">\n\t\t\t<style>\/*! elementor - v3.16.0 - 17-10-2023 *\/\n.elementor-heading-title{padding:0;margin:0;line-height:1}.elementor-widget-heading .elementor-heading-title[class*=elementor-size-]>a{color:inherit;font-size:inherit;line-height:inherit}.elementor-widget-heading .elementor-heading-title.elementor-size-small{font-size:15px}.elementor-widget-heading .elementor-heading-title.elementor-size-medium{font-size:19px}.elementor-widget-heading .elementor-heading-title.elementor-size-large{font-size:29px}.elementor-widget-heading .elementor-heading-title.elementor-size-xl{font-size:39px}.elementor-widget-heading .elementor-heading-title.elementor-size-xxl{font-size:59px}<\/style><h2 class=\"elementor-heading-title elementor-size-default\">ISP'S SELECIONADOS<\/h2>\t\t<\/div>\n\t\t\t\t<\/div>\n\t\t\t\t\t<\/div>\n\t\t<\/div>\n\t\t\t\t\t\t\t<\/div>\n\t\t<\/section>\n\t\t\t\t<section class=\"elementor-section elementor-top-section elementor-element elementor-element-8838926 elementor-section-boxed elementor-section-height-default elementor-section-height-default\" data-id=\"8838926\" data-element_type=\"section\">\n\t\t\t\t\t\t<div class=\"elementor-container elementor-column-gap-default\">\n\t\t\t\t\t<div class=\"elementor-column elementor-col-33 elementor-top-column elementor-element elementor-element-bde4547\" data-id=\"bde4547\" data-element_type=\"column\">\n\t\t\t<div class=\"elementor-widget-wrap\">\n\t\t\t\t\t\t\t\t\t<\/div>\n\t\t<\/div>\n\t\t\t\t<div class=\"elementor-column elementor-col-33 elementor-top-column elementor-element elementor-element-ccf9438\" data-id=\"ccf9438\" data-element_type=\"column\">\n\t\t\t<div class=\"elementor-widget-wrap elementor-element-populated\">\n\t\t\t\t\t\t\t\t<div class=\"elementor-element elementor-element-217cb7f elementor-align-left elementor-icon-list--layout-traditional elementor-list-item-link-full_width elementor-widget elementor-widget-icon-list\" data-id=\"217cb7f\" data-element_type=\"widget\" data-widget_type=\"icon-list.default\">\n\t\t\t\t<div class=\"elementor-widget-container\">\n\t\t\t<link rel=\"stylesheet\" href=\"https:\/\/aceleranet.ao\/wp-content\/plugins\/elementor\/assets\/css\/widget-icon-list.min.css\">\t\t<ul class=\"elementor-icon-list-items\">\n\t\t\t\t\t\t\t<li class=\"elementor-icon-list-item\">\n\t\t\t\t\t\t\t\t\t\t\t<span class=\"elementor-icon-list-icon\">\n\t\t\t\t\t\t\t<i aria-hidden=\"true\" class=\"fas fa-check\"><\/i>\t\t\t\t\t\t<\/span>\n\t\t\t\t\t\t\t\t\t\t<span class=\"elementor-icon-list-text\">ANYCONNECT<\/span>\n\t\t\t\t\t\t\t\t\t<\/li>\n\t\t\t\t\t\t\t\t<li class=\"elementor-icon-list-item\">\n\t\t\t\t\t\t\t\t\t\t\t<span class=\"elementor-icon-list-icon\">\n\t\t\t\t\t\t\t<i aria-hidden=\"true\" class=\"fas fa-check\"><\/i>\t\t\t\t\t\t<\/span>\n\t\t\t\t\t\t\t\t\t\t<span class=\"elementor-icon-list-text\">NEONET<\/span>\n\t\t\t\t\t\t\t\t\t<\/li>\n\t\t\t\t\t\t\t\t<li class=\"elementor-icon-list-item\">\n\t\t\t\t\t\t\t\t\t\t\t<span class=\"elementor-icon-list-icon\">\n\t\t\t\t\t\t\t<i aria-hidden=\"true\" class=\"fas fa-check\"><\/i>\t\t\t\t\t\t<\/span>\n\t\t\t\t\t\t\t\t\t\t<span class=\"elementor-icon-list-text\">HSAMS Solu\u00e7\u00f5es Tecnol\u00f3gicas Lda<\/span>\n\t\t\t\t\t\t\t\t\t<\/li>\n\t\t\t\t\t\t\t\t<li class=\"elementor-icon-list-item\">\n\t\t\t\t\t\t\t\t\t\t\t<span class=\"elementor-icon-list-icon\">\n\t\t\t\t\t\t\t<i aria-hidden=\"true\" class=\"fas fa-check\"><\/i>\t\t\t\t\t\t<\/span>\n\t\t\t\t\t\t\t\t\t\t<span class=\"elementor-icon-list-text\">NETKAMBA<\/span>\n\t\t\t\t\t\t\t\t\t<\/li>\n\t\t\t\t\t\t\t\t<li class=\"elementor-icon-list-item\">\n\t\t\t\t\t\t\t\t\t\t\t<span class=\"elementor-icon-list-icon\">\n\t\t\t\t\t\t\t<i aria-hidden=\"true\" class=\"fas fa-check\"><\/i>\t\t\t\t\t\t<\/span>\n\t\t\t\t\t\t\t\t\t\t<span class=\"elementor-icon-list-text\">SITGROUP Lda<\/span>\n\t\t\t\t\t\t\t\t\t<\/li>\n\t\t\t\t\t\t<\/ul>\n\t\t\t\t<\/div>\n\t\t\t\t<\/div>\n\t\t\t\t\t<\/div>\n\t\t<\/div>\n\t\t\t\t<div class=\"elementor-column elementor-col-33 elementor-top-column elementor-element elementor-element-e1de422\" data-id=\"e1de422\" data-element_type=\"column\">\n\t\t\t<div class=\"elementor-widget-wrap\">\n\t\t\t\t\t\t\t\t\t<\/div>\n\t\t<\/div>\n\t\t\t\t\t\t\t<\/div>\n\t\t<\/section>\n\t\t\t\t\t\t\t<\/div>","protected":false},"excerpt":{"rendered":"<p>ISP&#8217;S SELECIONADOS ANYCONNECT NEONET HSAMS Solu\u00e7\u00f5es Tecnol\u00f3gicas Lda NETKAMBA SITGROUP Lda<\/p>","protected":false},"author":1,"featured_media":0,"parent":0,"menu_order":0,"comment_status":"closed","ping_status":"closed","template":"","meta":{"site-sidebar-layout":"no-sidebar","site-content-layout":"page-builder","ast-site-content-layout":"","site-content-style":"default","site-sidebar-style":"default","ast-global-header-display":"","ast-banner-title-visibility":"","ast-main-header-display":"","ast-hfb-above-header-display":"","ast-hfb-below-header-display":"","ast-hfb-mobile-header-display":"","site-post-title":"disabled","ast-breadcrumbs-content":"","ast-featured-img":"disabled","footer-sml-layout":"","theme-transparent-header-meta":"default","adv-header-id-meta":"","stick-header-meta":"","header-above-stick-meta":"","header-main-stick-meta":"","header-below-stick-meta":"","astra-migrate-meta-layouts":"","ast-page-background-enabled":"default","ast-page-background-meta":{"desktop":{"background-color":"var(--ast-global-color-4)","background-image":"","background-repeat":"repeat","background-position":"center center","background-size":"auto","background-attachment":"scroll","background-type":"","background-media":"","overlay-type":"","overlay-color":"","overlay-gradient":""},"tablet":{"background-color":"","background-image":"","background-repeat":"repeat","background-position":"center center","background-size":"auto","background-attachment":"scroll","background-type":"","background-media":"","overlay-type":"","overlay-color":"","overlay-gradient":""},"mobile":{"background-color":"","background-image":"","background-repeat":"repeat","background-position":"center center","background-size":"auto","background-attachment":"scroll","background-type":"","background-media":"","overlay-type":"","overlay-color":"","overlay-gradient":""}},"ast-content-background-meta":{"desktop":{"background-color":"var(--ast-global-color-5)","background-image":"","background-repeat":"repeat","background-position":"center center","background-size":"auto","background-attachment":"scroll","background-type":"","background-media":"","overlay-type":"","overlay-color":"","overlay-gradient":""},"tablet":{"background-color":"var(--ast-global-color-5)","background-image":"","background-repeat":"repeat","background-position":"center center","background-size":"auto","background-attachment":"scroll","background-type":"","background-media":"","overlay-type":"","overlay-color":"","overlay-gradient":""},"mobile":{"background-color":"var(--ast-global-color-5)","background-image":"","background-repeat":"repeat","background-position":"center center","background-size":"auto","background-attachment":"scroll","background-type":"","background-media":"","overlay-type":"","overlay-color":"","overlay-gradient":""}},"ngg_post_thumbnail":0,"footnotes":""},"class_list":["post-971","page","type-page","status-publish","hentry"],"yoast_head":"<!-- This site is optimized with the Yoast SEO plugin v21.4 - https:\/\/yoast.com\/wordpress\/plugins\/seo\/ -->\n<title>isp-acelerados - ACelera Net<\/title>\n<meta name=\"robots\" content=\"index, follow, max-snippet:-1, max-image-preview:large, max-video-preview:-1\" \/>\n<link rel=\"canonical\" href=\"https:\/\/aceleranet.ao\/en\/isp-acelerados\/\" \/>\n<meta property=\"og:locale\" content=\"en_US\" \/>\n<meta property=\"og:type\" content=\"article\" \/>\n<meta property=\"og:title\" content=\"isp-acelerados - ACelera Net\" \/>\n<meta property=\"og:description\" content=\"ISP&#8217;S SELECIONADOS ANYCONNECT NEONET HSAMS Solu\u00e7\u00f5es Tecnol\u00f3gicas Lda NETKAMBA SITGROUP Lda\" \/>\n<meta property=\"og:url\" content=\"https:\/\/aceleranet.ao\/en\/isp-acelerados\/\" \/>\n<meta property=\"og:site_name\" content=\"ACelera Net\" \/>\n<meta property=\"article:modified_time\" content=\"2022-01-28T12:30:05+00:00\" \/>\n<meta name=\"twitter:card\" content=\"summary_large_image\" \/>\n<meta name=\"twitter:label1\" content=\"Est. reading time\" \/>\n\t<meta name=\"twitter:data1\" content=\"1 minute\" \/>\n<script type=\"application\/ld+json\" class=\"yoast-schema-graph\">{\"@context\":\"https:\/\/schema.org\",\"@graph\":[{\"@type\":\"WebPage\",\"@id\":\"https:\/\/aceleranet.ao\/isp-acelerados\/\",\"url\":\"https:\/\/aceleranet.ao\/isp-acelerados\/\",\"name\":\"isp-acelerados - ACelera Net\",\"isPartOf\":{\"@id\":\"https:\/\/aceleranet.ao\/#website\"},\"datePublished\":\"2022-01-28T11:43:02+00:00\",\"dateModified\":\"2022-01-28T12:30:05+00:00\",\"breadcrumb\":{\"@id\":\"https:\/\/aceleranet.ao\/isp-acelerados\/#breadcrumb\"},\"inLanguage\":\"en-US\",\"potentialAction\":[{\"@type\":\"ReadAction\",\"target\":[\"https:\/\/aceleranet.ao\/isp-acelerados\/\"]}]},{\"@type\":\"BreadcrumbList\",\"@id\":\"https:\/\/aceleranet.ao\/isp-acelerados\/#breadcrumb\",\"itemListElement\":[{\"@type\":\"ListItem\",\"position\":1,\"name\":\"Home\",\"item\":\"https:\/\/aceleranet.ao\/en\/\"},{\"@type\":\"ListItem\",\"position\":2,\"name\":\"isp-acelerados\"}]},{\"@type\":\"WebSite\",\"@id\":\"https:\/\/aceleranet.ao\/#website\",\"url\":\"https:\/\/aceleranet.ao\/\",\"name\":\"ACelera Net\",\"description\":\"Programa de apoio aos ISP&#039;S de Angola\",\"publisher\":{\"@id\":\"https:\/\/aceleranet.ao\/#organization\"},\"potentialAction\":[{\"@type\":\"SearchAction\",\"target\":{\"@type\":\"EntryPoint\",\"urlTemplate\":\"https:\/\/aceleranet.ao\/?s={search_term_string}\"},\"query-input\":\"required name=search_term_string\"}],\"inLanguage\":\"en-US\"},{\"@type\":\"Organization\",\"@id\":\"https:\/\/aceleranet.ao\/#organization\",\"name\":\"Aceleranet Programa acelerador dos ISP'S de Angola\",\"url\":\"https:\/\/aceleranet.ao\/\",\"logo\":{\"@type\":\"ImageObject\",\"inLanguage\":\"en-US\",\"@id\":\"https:\/\/aceleranet.ao\/#\/schema\/logo\/image\/\",\"url\":\"http:\/\/aceleranet.ao\/wp-content\/uploads\/2021\/10\/ACELERA-NET_LOGO-NOVO-COR-1.png\",\"contentUrl\":\"http:\/\/aceleranet.ao\/wp-content\/uploads\/2021\/10\/ACELERA-NET_LOGO-NOVO-COR-1.png\",\"width\":3856,\"height\":1414,\"caption\":\"Aceleranet Programa acelerador dos ISP'S de Angola\"},\"image\":{\"@id\":\"https:\/\/aceleranet.ao\/#\/schema\/logo\/image\/\"}}]}<\/script>\n<!-- \/ Yoast SEO plugin. -->","yoast_head_json":{"title":"isp-acelerados - ACelera Net","robots":{"index":"index","follow":"follow","max-snippet":"max-snippet:-1","max-image-preview":"max-image-preview:large","max-video-preview":"max-video-preview:-1"},"canonical":"https:\/\/aceleranet.ao\/en\/isp-acelerados\/","og_locale":"en_US","og_type":"article","og_title":"isp-acelerados - ACelera Net","og_description":"ISP&#8217;S SELECIONADOS ANYCONNECT NEONET HSAMS Solu\u00e7\u00f5es Tecnol\u00f3gicas Lda NETKAMBA SITGROUP Lda","og_url":"https:\/\/aceleranet.ao\/en\/isp-acelerados\/","og_site_name":"ACelera Net","article_modified_time":"2022-01-28T12:30:05+00:00","twitter_card":"summary_large_image","twitter_misc":{"Est. reading time":"1 minute"},"schema":{"@context":"https:\/\/schema.org","@graph":[{"@type":"WebPage","@id":"https:\/\/aceleranet.ao\/isp-acelerados\/","url":"https:\/\/aceleranet.ao\/isp-acelerados\/","name":"isp-acelerados - ACelera Net","isPartOf":{"@id":"https:\/\/aceleranet.ao\/#website"},"datePublished":"2022-01-28T11:43:02+00:00","dateModified":"2022-01-28T12:30:05+00:00","breadcrumb":{"@id":"https:\/\/aceleranet.ao\/isp-acelerados\/#breadcrumb"},"inLanguage":"en-US","potentialAction":[{"@type":"ReadAction","target":["https:\/\/aceleranet.ao\/isp-acelerados\/"]}]},{"@type":"BreadcrumbList","@id":"https:\/\/aceleranet.ao\/isp-acelerados\/#breadcrumb","itemListElement":[{"@type":"ListItem","position":1,"name":"Home","item":"https:\/\/aceleranet.ao\/en\/"},{"@type":"ListItem","position":2,"name":"isp-acelerados"}]},{"@type":"WebSite","@id":"https:\/\/aceleranet.ao\/#website","url":"https:\/\/aceleranet.ao\/","name":"ACelera Net","description":"Programa de apoio aos ISP&#039;S de Angola","publisher":{"@id":"https:\/\/aceleranet.ao\/#organization"},"potentialAction":[{"@type":"SearchAction","target":{"@type":"EntryPoint","urlTemplate":"https:\/\/aceleranet.ao\/?s={search_term_string}"},"query-input":"required name=search_term_string"}],"inLanguage":"en-US"},{"@type":"Organization","@id":"https:\/\/aceleranet.ao\/#organization","name":"Aceleranet Programa acelerador dos ISP'S de Angola","url":"https:\/\/aceleranet.ao\/","logo":{"@type":"ImageObject","inLanguage":"en-US","@id":"https:\/\/aceleranet.ao\/#\/schema\/logo\/image\/","url":"http:\/\/aceleranet.ao\/wp-content\/uploads\/2021\/10\/ACELERA-NET_LOGO-NOVO-COR-1.png","contentUrl":"http:\/\/aceleranet.ao\/wp-content\/uploads\/2021\/10\/ACELERA-NET_LOGO-NOVO-COR-1.png","width":3856,"height":1414,"caption":"Aceleranet Programa acelerador dos ISP'S de Angola"},"image":{"@id":"https:\/\/aceleranet.ao\/#\/schema\/logo\/image\/"}}]}},"_links":{"self":[{"href":"https:\/\/aceleranet.ao\/en\/wp-json\/wp\/v2\/pages\/971","targetHints":{"allow":["GET"]}}],"collection":[{"href":"https:\/\/aceleranet.ao\/en\/wp-json\/wp\/v2\/pages"}],"about":[{"href":"https:\/\/aceleranet.ao\/en\/wp-json\/wp\/v2\/types\/page"}],"author":[{"embeddable":true,"href":"https:\/\/aceleranet.ao\/en\/wp-json\/wp\/v2\/users\/1"}],"replies":[{"embeddable":true,"href":"https:\/\/aceleranet.ao\/en\/wp-json\/wp\/v2\/comments?post=971"}],"version-history":[{"count":7,"href":"https:\/\/aceleranet.ao\/en\/wp-json\/wp\/v2\/pages\/971\/revisions"}],"predecessor-version":[{"id":988,"href":"https:\/\/aceleranet.ao\/en\/wp-json\/wp\/v2\/pages\/971\/revisions\/988"}],"wp:attachment":[{"href":"https:\/\/aceleranet.ao\/en\/wp-json\/wp\/v2\/media?parent=971"}],"curies":[{"name":"wp","href":"https:\/\/api.w.org\/{rel}","templated":true}]}}