{"id":308,"date":"2021-10-07T17:32:54","date_gmt":"2021-10-07T17:32:54","guid":{"rendered":"https:\/\/aceleranet.ao\/?page_id=308"},"modified":"2023-06-06T10:26:28","modified_gmt":"2023-06-06T10:26:28","slug":"imprensa","status":"publish","type":"page","link":"https:\/\/aceleranet.ao\/en\/imprensa\/","title":{"rendered":"Press"},"content":{"rendered":"<div data-elementor-type=\"wp-page\" data-elementor-id=\"308\" class=\"elementor elementor-308\">\n\t\t\t\t\t\t\t\t\t<section class=\"elementor-section elementor-top-section elementor-element elementor-element-14af68b elementor-section-full_width elementor-section-height-min-height elementor-section-height-default elementor-section-items-middle\" data-id=\"14af68b\" data-element_type=\"section\" data-settings=\"{&quot;background_background&quot;:&quot;classic&quot;}\">\n\t\t\t\t\t\t\t<div class=\"elementor-background-overlay\"><\/div>\n\t\t\t\t\t\t\t<div class=\"elementor-container elementor-column-gap-default\">\n\t\t\t\t\t<div class=\"elementor-column elementor-col-100 elementor-top-column elementor-element elementor-element-eb3ed61\" data-id=\"eb3ed61\" data-element_type=\"column\">\n\t\t\t<div class=\"elementor-widget-wrap\">\n\t\t\t\t\t\t\t\t\t<\/div>\n\t\t<\/div>\n\t\t\t\t\t\t\t<\/div>\n\t\t<\/section>\n\t\t\t\t<section class=\"elementor-section elementor-top-section elementor-element elementor-element-ca173e6 elementor-section-boxed elementor-section-height-default elementor-section-height-default\" data-id=\"ca173e6\" data-element_type=\"section\">\n\t\t\t\t\t\t<div class=\"elementor-container elementor-column-gap-default\">\n\t\t\t\t\t<div class=\"elementor-column elementor-col-100 elementor-top-column elementor-element elementor-element-39057e3\" data-id=\"39057e3\" data-element_type=\"column\">\n\t\t\t<div class=\"elementor-widget-wrap\">\n\t\t\t\t\t\t\t\t\t<\/div>\n\t\t<\/div>\n\t\t\t\t\t\t\t<\/div>\n\t\t<\/section>\n\t\t\t\t<section class=\"elementor-section elementor-top-section elementor-element elementor-element-9027d8c elementor-section-boxed elementor-section-height-default elementor-section-height-default\" data-id=\"9027d8c\" data-element_type=\"section\">\n\t\t\t\t\t\t<div class=\"elementor-container elementor-column-gap-default\">\n\t\t\t\t\t<div class=\"elementor-column elementor-col-100 elementor-top-column elementor-element elementor-element-97947e7\" data-id=\"97947e7\" data-element_type=\"column\">\n\t\t\t<div class=\"elementor-widget-wrap elementor-element-populated\">\n\t\t\t\t\t\t\t\t<div class=\"elementor-element elementor-element-e64e1ea elementor-widget elementor-widget-heading\" data-id=\"e64e1ea\" data-element_type=\"widget\" data-widget_type=\"heading.default\">\n\t\t\t\t<div class=\"elementor-widget-container\">\n\t\t\t<style>\/*! elementor - v3.16.0 - 17-10-2023 *\/\n.elementor-heading-title{padding:0;margin:0;line-height:1}.elementor-widget-heading .elementor-heading-title[class*=elementor-size-]>a{color:inherit;font-size:inherit;line-height:inherit}.elementor-widget-heading .elementor-heading-title.elementor-size-small{font-size:15px}.elementor-widget-heading .elementor-heading-title.elementor-size-medium{font-size:19px}.elementor-widget-heading .elementor-heading-title.elementor-size-large{font-size:29px}.elementor-widget-heading .elementor-heading-title.elementor-size-xl{font-size:39px}.elementor-widget-heading .elementor-heading-title.elementor-size-xxl{font-size:59px}<\/style><h2 class=\"elementor-heading-title elementor-size-default\">NOT\u00cdCIAS RECENTES<\/h2>\t\t<\/div>\n\t\t\t\t<\/div>\n\t\t\t\t<div class=\"elementor-element elementor-element-07b4b66 elementor-grid-3 elementor-grid-tablet-2 elementor-grid-mobile-1 elementor-posts--thumbnail-top elementor-widget elementor-widget-posts\" data-id=\"07b4b66\" data-element_type=\"widget\" data-settings=\"{&quot;classic_columns&quot;:&quot;3&quot;,&quot;classic_columns_tablet&quot;:&quot;2&quot;,&quot;classic_columns_mobile&quot;:&quot;1&quot;,&quot;classic_row_gap&quot;:{&quot;unit&quot;:&quot;px&quot;,&quot;size&quot;:35,&quot;sizes&quot;:[]},&quot;classic_row_gap_tablet&quot;:{&quot;unit&quot;:&quot;px&quot;,&quot;size&quot;:&quot;&quot;,&quot;sizes&quot;:[]},&quot;classic_row_gap_mobile&quot;:{&quot;unit&quot;:&quot;px&quot;,&quot;size&quot;:&quot;&quot;,&quot;sizes&quot;:[]}}\" data-widget_type=\"posts.classic\">\n\t\t\t\t<div class=\"elementor-widget-container\">\n\t\t\t<link rel=\"stylesheet\" href=\"https:\/\/aceleranet.ao\/wp-content\/plugins\/elementor-pro\/assets\/css\/widget-posts.min.css\">\t\t<div class=\"elementor-posts-container elementor-posts elementor-posts--skin-classic elementor-grid\">\n\t\t\t\t<article class=\"elementor-post elementor-grid-item post-1575 noticias type-noticias status-publish has-post-thumbnail hentry\">\n\t\t\t\t<a class=\"elementor-post__thumbnail__link\" href=\"https:\/\/aceleranet.ao\/en\/noticias\/angotic-angola-cables-anuncia-os-vencedores-do-programa-acelera-pitch\/\" >\n\t\t\t<div class=\"elementor-post__thumbnail\"><img loading=\"lazy\" decoding=\"async\" width=\"300\" height=\"196\" src=\"https:\/\/aceleranet.ao\/wp-content\/uploads\/2023\/10\/segunda-300x196.png\" class=\"attachment-medium size-medium wp-image-1576\" alt=\"\" srcset=\"https:\/\/aceleranet.ao\/wp-content\/uploads\/2023\/10\/segunda-300x196.png 300w, https:\/\/aceleranet.ao\/wp-content\/uploads\/2023\/10\/segunda-18x12.png 18w, https:\/\/aceleranet.ao\/wp-content\/uploads\/2023\/10\/segunda.png 723w\" sizes=\"auto, (max-width: 300px) 100vw, 300px\" \/><\/div>\n\t\t<\/a>\n\t\t\t\t<div class=\"elementor-post__text\">\n\t\t\t\t<h3 class=\"elementor-post__title\">\n\t\t\t<a href=\"https:\/\/aceleranet.ao\/en\/noticias\/angotic-angola-cables-anuncia-os-vencedores-do-programa-acelera-pitch\/\" >\n\t\t\t\tANGOTIC: Angola Cables anuncia os vencedores do programa Acelera Pitch\t\t\t<\/a>\n\t\t<\/h3>\n\t\t\t\t<div class=\"elementor-post__meta-data\">\n\t\t\t\t\t<span class=\"elementor-post-date\">\n\t\t\tOctober 29, 2023\t\t<\/span>\n\t\t\t\t<\/div>\n\t\t\t\t<\/div>\n\t\t\t\t<\/article>\n\t\t\t\t<article class=\"elementor-post elementor-grid-item post-1572 noticias type-noticias status-publish has-post-thumbnail hentry\">\n\t\t\t\t<a class=\"elementor-post__thumbnail__link\" href=\"https:\/\/aceleranet.ao\/en\/noticias\/angola-cables-lanca-a-2a-edicao-do-programa-aceleranet-em-parceria-com-governo-e-varias-entidades\/\" >\n\t\t\t<div class=\"elementor-post__thumbnail\"><img loading=\"lazy\" decoding=\"async\" width=\"300\" height=\"192\" src=\"https:\/\/aceleranet.ao\/wp-content\/uploads\/2023\/10\/foto1-300x192.png\" class=\"attachment-medium size-medium wp-image-1574\" alt=\"\" srcset=\"https:\/\/aceleranet.ao\/wp-content\/uploads\/2023\/10\/foto1-300x192.png 300w, https:\/\/aceleranet.ao\/wp-content\/uploads\/2023\/10\/foto1-1024x655.png 1024w, https:\/\/aceleranet.ao\/wp-content\/uploads\/2023\/10\/foto1-768x491.png 768w, https:\/\/aceleranet.ao\/wp-content\/uploads\/2023\/10\/foto1-18x12.png 18w, https:\/\/aceleranet.ao\/wp-content\/uploads\/2023\/10\/foto1.png 1299w\" sizes=\"auto, (max-width: 300px) 100vw, 300px\" \/><\/div>\n\t\t<\/a>\n\t\t\t\t<div class=\"elementor-post__text\">\n\t\t\t\t<h3 class=\"elementor-post__title\">\n\t\t\t<a href=\"https:\/\/aceleranet.ao\/en\/noticias\/angola-cables-lanca-a-2a-edicao-do-programa-aceleranet-em-parceria-com-governo-e-varias-entidades\/\" >\n\t\t\t\tAngola Cables lan\u00e7a a 2\u00aa edi\u00e7\u00e3o do Programa ACeleraNet em parceria com Governo e v\u00e1rias entidades\t\t\t<\/a>\n\t\t<\/h3>\n\t\t\t\t<div class=\"elementor-post__meta-data\">\n\t\t\t\t\t<span class=\"elementor-post-date\">\n\t\t\tOctober 29, 2023\t\t<\/span>\n\t\t\t\t<\/div>\n\t\t\t\t<\/div>\n\t\t\t\t<\/article>\n\t\t\t\t<article class=\"elementor-post elementor-grid-item post-766 noticias type-noticias status-publish has-post-thumbnail hentry\">\n\t\t\t\t<a class=\"elementor-post__thumbnail__link\" href=\"https:\/\/aceleranet.ao\/en\/noticias\/lancado-programa-para-potenciar-provedores-de-servico-de-internet-fora-da-provincia-de-luanda\/\" >\n\t\t\t<div class=\"elementor-post__thumbnail\"><img loading=\"lazy\" decoding=\"async\" width=\"300\" height=\"225\" src=\"https:\/\/aceleranet.ao\/wp-content\/uploads\/2021\/10\/WhatsApp-Image-2021-10-20-at-09.49.20-300x225.jpeg\" class=\"attachment-medium size-medium wp-image-767\" alt=\"\" srcset=\"https:\/\/aceleranet.ao\/wp-content\/uploads\/2021\/10\/WhatsApp-Image-2021-10-20-at-09.49.20-300x225.jpeg 300w, https:\/\/aceleranet.ao\/wp-content\/uploads\/2021\/10\/WhatsApp-Image-2021-10-20-at-09.49.20-1024x768.jpeg 1024w, https:\/\/aceleranet.ao\/wp-content\/uploads\/2021\/10\/WhatsApp-Image-2021-10-20-at-09.49.20-768x576.jpeg 768w, https:\/\/aceleranet.ao\/wp-content\/uploads\/2021\/10\/WhatsApp-Image-2021-10-20-at-09.49.20.jpeg 1040w\" sizes=\"auto, (max-width: 300px) 100vw, 300px\" \/><\/div>\n\t\t<\/a>\n\t\t\t\t<div class=\"elementor-post__text\">\n\t\t\t\t<h3 class=\"elementor-post__title\">\n\t\t\t<a href=\"https:\/\/aceleranet.ao\/en\/noticias\/lancado-programa-para-potenciar-provedores-de-servico-de-internet-fora-da-provincia-de-luanda\/\" >\n\t\t\t\tProgram launched to promote internet service providers outside the province of Luanda\t\t\t<\/a>\n\t\t<\/h3>\n\t\t\t\t<div class=\"elementor-post__meta-data\">\n\t\t\t\t\t<span class=\"elementor-post-date\">\n\t\t\tOctober 22, 2021\t\t<\/span>\n\t\t\t\t<\/div>\n\t\t\t\t<\/div>\n\t\t\t\t<\/article>\n\t\t\t\t<article class=\"elementor-post elementor-grid-item post-763 noticias type-noticias status-publish has-post-thumbnail hentry\">\n\t\t\t\t<a class=\"elementor-post__thumbnail__link\" href=\"https:\/\/aceleranet.ao\/en\/noticias\/angola-cables-lanca-programa-acelera-net\/\" >\n\t\t\t<div class=\"elementor-post__thumbnail\"><img loading=\"lazy\" decoding=\"async\" width=\"300\" height=\"206\" src=\"https:\/\/aceleranet.ao\/wp-content\/uploads\/2021\/10\/image_content_410725_20211020090203-300x206.jpg\" class=\"attachment-medium size-medium wp-image-765\" alt=\"\" srcset=\"https:\/\/aceleranet.ao\/wp-content\/uploads\/2021\/10\/image_content_410725_20211020090203-300x206.jpg 300w, https:\/\/aceleranet.ao\/wp-content\/uploads\/2021\/10\/image_content_410725_20211020090203-768x528.jpg 768w, https:\/\/aceleranet.ao\/wp-content\/uploads\/2021\/10\/image_content_410725_20211020090203.jpg 900w\" sizes=\"auto, (max-width: 300px) 100vw, 300px\" \/><\/div>\n\t\t<\/a>\n\t\t\t\t<div class=\"elementor-post__text\">\n\t\t\t\t<h3 class=\"elementor-post__title\">\n\t\t\t<a href=\"https:\/\/aceleranet.ao\/en\/noticias\/angola-cables-lanca-programa-acelera-net\/\" >\n\t\t\t\tAngola Cables launches Acelera Net program\t\t\t<\/a>\n\t\t<\/h3>\n\t\t\t\t<div class=\"elementor-post__meta-data\">\n\t\t\t\t\t<span class=\"elementor-post-date\">\n\t\t\tOctober 22, 2021\t\t<\/span>\n\t\t\t\t<\/div>\n\t\t\t\t<\/div>\n\t\t\t\t<\/article>\n\t\t\t\t<article class=\"elementor-post elementor-grid-item post-761 noticias type-noticias status-publish has-post-thumbnail hentry\">\n\t\t\t\t<a class=\"elementor-post__thumbnail__link\" href=\"https:\/\/aceleranet.ao\/en\/noticias\/angola-cables-apresenta-programa-acelera-net\/\" >\n\t\t\t<div class=\"elementor-post__thumbnail\"><img loading=\"lazy\" decoding=\"async\" width=\"300\" height=\"150\" src=\"https:\/\/aceleranet.ao\/wp-content\/uploads\/2021\/10\/IMG_19102021_174649_800_x_400_pixel-300x150.jpg\" class=\"attachment-medium size-medium wp-image-762\" alt=\"\" srcset=\"https:\/\/aceleranet.ao\/wp-content\/uploads\/2021\/10\/IMG_19102021_174649_800_x_400_pixel-300x150.jpg 300w, https:\/\/aceleranet.ao\/wp-content\/uploads\/2021\/10\/IMG_19102021_174649_800_x_400_pixel-768x384.jpg 768w, https:\/\/aceleranet.ao\/wp-content\/uploads\/2021\/10\/IMG_19102021_174649_800_x_400_pixel.jpg 800w\" sizes=\"auto, (max-width: 300px) 100vw, 300px\" \/><\/div>\n\t\t<\/a>\n\t\t\t\t<div class=\"elementor-post__text\">\n\t\t\t\t<h3 class=\"elementor-post__title\">\n\t\t\t<a href=\"https:\/\/aceleranet.ao\/en\/noticias\/angola-cables-apresenta-programa-acelera-net\/\" >\n\t\t\t\tAngola Cables presents \u201cAcelera NET\u201d program\t\t\t<\/a>\n\t\t<\/h3>\n\t\t\t\t<div class=\"elementor-post__meta-data\">\n\t\t\t\t\t<span class=\"elementor-post-date\">\n\t\t\tOctober 22, 2021\t\t<\/span>\n\t\t\t\t<\/div>\n\t\t\t\t<\/div>\n\t\t\t\t<\/article>\n\t\t\t\t<article class=\"elementor-post elementor-grid-item post-759 noticias type-noticias status-publish has-post-thumbnail hentry\">\n\t\t\t\t<a class=\"elementor-post__thumbnail__link\" href=\"https:\/\/aceleranet.ao\/en\/noticias\/angola-cables-apresenta-programa-acelera-net-uma-parceria-entre-varias-entidades-que-visa-acelerar-a-competitividade\/\" >\n\t\t\t<div class=\"elementor-post__thumbnail\"><img loading=\"lazy\" decoding=\"async\" width=\"300\" height=\"200\" src=\"https:\/\/aceleranet.ao\/wp-content\/uploads\/2021\/10\/acelera-30-300x200.jpg\" class=\"attachment-medium size-medium wp-image-760\" alt=\"\" srcset=\"https:\/\/aceleranet.ao\/wp-content\/uploads\/2021\/10\/acelera-30-300x200.jpg 300w, https:\/\/aceleranet.ao\/wp-content\/uploads\/2021\/10\/acelera-30-1024x683.jpg 1024w, https:\/\/aceleranet.ao\/wp-content\/uploads\/2021\/10\/acelera-30-768x512.jpg 768w, https:\/\/aceleranet.ao\/wp-content\/uploads\/2021\/10\/acelera-30.jpg 1500w\" sizes=\"auto, (max-width: 300px) 100vw, 300px\" \/><\/div>\n\t\t<\/a>\n\t\t\t\t<div class=\"elementor-post__text\">\n\t\t\t\t<h3 class=\"elementor-post__title\">\n\t\t\t<a href=\"https:\/\/aceleranet.ao\/en\/noticias\/angola-cables-apresenta-programa-acelera-net-uma-parceria-entre-varias-entidades-que-visa-acelerar-a-competitividade\/\" >\n\t\t\t\tAngola cables apresenta programa Acelera Net, uma parceria entre v\u00e1rias entidades que visa acelerar a competitividade\t\t\t<\/a>\n\t\t<\/h3>\n\t\t\t\t<div class=\"elementor-post__meta-data\">\n\t\t\t\t\t<span class=\"elementor-post-date\">\n\t\t\tOctober 22, 2021\t\t<\/span>\n\t\t\t\t<\/div>\n\t\t\t\t<\/div>\n\t\t\t\t<\/article>\n\t\t\t\t<\/div>\n\n\n\t\t\n\t\t\t\t<div class=\"e-load-more-anchor\" data-page=\"1\" data-max-page=\"2\" data-next-page=\"https:\/\/aceleranet.ao\/en\/wp-json\/wp\/v2\/pages\/308\/page\/2\/\"><\/div>\n\t\t\t\t<nav class=\"elementor-pagination\" role=\"navigation\" aria-label=\"Pagination\">\n\t\t\t<span aria-current=\"page\" class=\"page-numbers current\"><span class=\"elementor-screen-only\">Page<\/span>1<\/span>\n<a class=\"page-numbers\" href=\"https:\/\/aceleranet.ao\/en\/wp-json\/wp\/v2\/pages\/308\/page\/2\/\"><span class=\"elementor-screen-only\">Page<\/span>2<\/a>\t\t<\/nav>\n\t\t\t\t<\/div>\n\t\t\t\t<\/div>\n\t\t\t\t\t<\/div>\n\t\t<\/div>\n\t\t\t\t\t\t\t<\/div>\n\t\t<\/section>\n\t\t\t\t\t\t\t<\/div>","protected":false},"excerpt":{"rendered":"<p>NOT\u00cdCIAS RECENTES<\/p>","protected":false},"author":1,"featured_media":0,"parent":0,"menu_order":0,"comment_status":"closed","ping_status":"closed","template":"","meta":{"site-sidebar-layout":"no-sidebar","site-content-layout":"page-builder","ast-site-content-layout":"","site-content-style":"default","site-sidebar-style":"default","ast-global-header-display":"","ast-banner-title-visibility":"","ast-main-header-display":"","ast-hfb-above-header-display":"","ast-hfb-below-header-display":"","ast-hfb-mobile-header-display":"","site-post-title":"disabled","ast-breadcrumbs-content":"","ast-featured-img":"disabled","footer-sml-layout":"","theme-transparent-header-meta":"default","adv-header-id-meta":"","stick-header-meta":"","header-above-stick-meta":"","header-main-stick-meta":"","header-below-stick-meta":"","astra-migrate-meta-layouts":"","ast-page-background-enabled":"default","ast-page-background-meta":{"desktop":{"background-color":"var(--ast-global-color-4)","background-image":"","background-repeat":"repeat","background-position":"center center","background-size":"auto","background-attachment":"scroll","background-type":"","background-media":"","overlay-type":"","overlay-color":"","overlay-gradient":""},"tablet":{"background-color":"","background-image":"","background-repeat":"repeat","background-position":"center center","background-size":"auto","background-attachment":"scroll","background-type":"","background-media":"","overlay-type":"","overlay-color":"","overlay-gradient":""},"mobile":{"background-color":"","background-image":"","background-repeat":"repeat","background-position":"center center","background-size":"auto","background-attachment":"scroll","background-type":"","background-media":"","overlay-type":"","overlay-color":"","overlay-gradient":""}},"ast-content-background-meta":{"desktop":{"background-color":"var(--ast-global-color-5)","background-image":"","background-repeat":"repeat","background-position":"center center","background-size":"auto","background-attachment":"scroll","background-type":"","background-media":"","overlay-type":"","overlay-color":"","overlay-gradient":""},"tablet":{"background-color":"var(--ast-global-color-5)","background-image":"","background-repeat":"repeat","background-position":"center center","background-size":"auto","background-attachment":"scroll","background-type":"","background-media":"","overlay-type":"","overlay-color":"","overlay-gradient":""},"mobile":{"background-color":"var(--ast-global-color-5)","background-image":"","background-repeat":"repeat","background-position":"center center","background-size":"auto","background-attachment":"scroll","background-type":"","background-media":"","overlay-type":"","overlay-color":"","overlay-gradient":""}},"ngg_post_thumbnail":0,"footnotes":""},"class_list":["post-308","page","type-page","status-publish","hentry"],"yoast_head":"<!-- This site is optimized with the Yoast SEO plugin v21.4 - https:\/\/yoast.com\/wordpress\/plugins\/seo\/ -->\n<title>Imprensa - ACelera Net<\/title>\n<meta name=\"robots\" content=\"index, follow, max-snippet:-1, max-image-preview:large, max-video-preview:-1\" \/>\n<link rel=\"canonical\" href=\"https:\/\/aceleranet.ao\/en\/imprensa\/\" \/>\n<meta property=\"og:locale\" content=\"en_US\" \/>\n<meta property=\"og:type\" content=\"article\" \/>\n<meta property=\"og:title\" content=\"Imprensa - ACelera Net\" \/>\n<meta property=\"og:description\" content=\"NOT\u00cdCIAS RECENTES\" \/>\n<meta property=\"og:url\" content=\"https:\/\/aceleranet.ao\/en\/imprensa\/\" \/>\n<meta property=\"og:site_name\" content=\"ACelera Net\" \/>\n<meta property=\"article:modified_time\" content=\"2023-06-06T10:26:28+00:00\" \/>\n<meta name=\"twitter:card\" content=\"summary_large_image\" \/>\n<meta name=\"twitter:label1\" content=\"Est. reading time\" \/>\n\t<meta name=\"twitter:data1\" content=\"2 minutes\" \/>\n<script type=\"application\/ld+json\" class=\"yoast-schema-graph\">{\"@context\":\"https:\/\/schema.org\",\"@graph\":[{\"@type\":\"WebPage\",\"@id\":\"https:\/\/aceleranet.ao\/imprensa\/\",\"url\":\"https:\/\/aceleranet.ao\/imprensa\/\",\"name\":\"Imprensa - ACelera Net\",\"isPartOf\":{\"@id\":\"https:\/\/aceleranet.ao\/#website\"},\"datePublished\":\"2021-10-07T17:32:54+00:00\",\"dateModified\":\"2023-06-06T10:26:28+00:00\",\"breadcrumb\":{\"@id\":\"https:\/\/aceleranet.ao\/imprensa\/#breadcrumb\"},\"inLanguage\":\"en-US\",\"potentialAction\":[{\"@type\":\"ReadAction\",\"target\":[\"https:\/\/aceleranet.ao\/imprensa\/\"]}]},{\"@type\":\"BreadcrumbList\",\"@id\":\"https:\/\/aceleranet.ao\/imprensa\/#breadcrumb\",\"itemListElement\":[{\"@type\":\"ListItem\",\"position\":1,\"name\":\"Home\",\"item\":\"https:\/\/aceleranet.ao\/en\/\"},{\"@type\":\"ListItem\",\"position\":2,\"name\":\"Imprensa\"}]},{\"@type\":\"WebSite\",\"@id\":\"https:\/\/aceleranet.ao\/#website\",\"url\":\"https:\/\/aceleranet.ao\/\",\"name\":\"ACelera Net\",\"description\":\"Programa de apoio aos ISP&#039;S de Angola\",\"publisher\":{\"@id\":\"https:\/\/aceleranet.ao\/#organization\"},\"potentialAction\":[{\"@type\":\"SearchAction\",\"target\":{\"@type\":\"EntryPoint\",\"urlTemplate\":\"https:\/\/aceleranet.ao\/?s={search_term_string}\"},\"query-input\":\"required name=search_term_string\"}],\"inLanguage\":\"en-US\"},{\"@type\":\"Organization\",\"@id\":\"https:\/\/aceleranet.ao\/#organization\",\"name\":\"Aceleranet Programa acelerador dos ISP'S de Angola\",\"url\":\"https:\/\/aceleranet.ao\/\",\"logo\":{\"@type\":\"ImageObject\",\"inLanguage\":\"en-US\",\"@id\":\"https:\/\/aceleranet.ao\/#\/schema\/logo\/image\/\",\"url\":\"http:\/\/aceleranet.ao\/wp-content\/uploads\/2021\/10\/ACELERA-NET_LOGO-NOVO-COR-1.png\",\"contentUrl\":\"http:\/\/aceleranet.ao\/wp-content\/uploads\/2021\/10\/ACELERA-NET_LOGO-NOVO-COR-1.png\",\"width\":3856,\"height\":1414,\"caption\":\"Aceleranet Programa acelerador dos ISP'S de Angola\"},\"image\":{\"@id\":\"https:\/\/aceleranet.ao\/#\/schema\/logo\/image\/\"}}]}<\/script>\n<!-- \/ Yoast SEO plugin. -->","yoast_head_json":{"title":"Imprensa - ACelera Net","robots":{"index":"index","follow":"follow","max-snippet":"max-snippet:-1","max-image-preview":"max-image-preview:large","max-video-preview":"max-video-preview:-1"},"canonical":"https:\/\/aceleranet.ao\/en\/imprensa\/","og_locale":"en_US","og_type":"article","og_title":"Imprensa - ACelera Net","og_description":"NOT\u00cdCIAS RECENTES","og_url":"https:\/\/aceleranet.ao\/en\/imprensa\/","og_site_name":"ACelera Net","article_modified_time":"2023-06-06T10:26:28+00:00","twitter_card":"summary_large_image","twitter_misc":{"Est. reading time":"2 minutes"},"schema":{"@context":"https:\/\/schema.org","@graph":[{"@type":"WebPage","@id":"https:\/\/aceleranet.ao\/imprensa\/","url":"https:\/\/aceleranet.ao\/imprensa\/","name":"Imprensa - ACelera Net","isPartOf":{"@id":"https:\/\/aceleranet.ao\/#website"},"datePublished":"2021-10-07T17:32:54+00:00","dateModified":"2023-06-06T10:26:28+00:00","breadcrumb":{"@id":"https:\/\/aceleranet.ao\/imprensa\/#breadcrumb"},"inLanguage":"en-US","potentialAction":[{"@type":"ReadAction","target":["https:\/\/aceleranet.ao\/imprensa\/"]}]},{"@type":"BreadcrumbList","@id":"https:\/\/aceleranet.ao\/imprensa\/#breadcrumb","itemListElement":[{"@type":"ListItem","position":1,"name":"Home","item":"https:\/\/aceleranet.ao\/en\/"},{"@type":"ListItem","position":2,"name":"Imprensa"}]},{"@type":"WebSite","@id":"https:\/\/aceleranet.ao\/#website","url":"https:\/\/aceleranet.ao\/","name":"ACelera Net","description":"Programa de apoio aos ISP&#039;S de Angola","publisher":{"@id":"https:\/\/aceleranet.ao\/#organization"},"potentialAction":[{"@type":"SearchAction","target":{"@type":"EntryPoint","urlTemplate":"https:\/\/aceleranet.ao\/?s={search_term_string}"},"query-input":"required name=search_term_string"}],"inLanguage":"en-US"},{"@type":"Organization","@id":"https:\/\/aceleranet.ao\/#organization","name":"Aceleranet Programa acelerador dos ISP'S de Angola","url":"https:\/\/aceleranet.ao\/","logo":{"@type":"ImageObject","inLanguage":"en-US","@id":"https:\/\/aceleranet.ao\/#\/schema\/logo\/image\/","url":"http:\/\/aceleranet.ao\/wp-content\/uploads\/2021\/10\/ACELERA-NET_LOGO-NOVO-COR-1.png","contentUrl":"http:\/\/aceleranet.ao\/wp-content\/uploads\/2021\/10\/ACELERA-NET_LOGO-NOVO-COR-1.png","width":3856,"height":1414,"caption":"Aceleranet Programa acelerador dos ISP'S de Angola"},"image":{"@id":"https:\/\/aceleranet.ao\/#\/schema\/logo\/image\/"}}]}},"_links":{"self":[{"href":"https:\/\/aceleranet.ao\/en\/wp-json\/wp\/v2\/pages\/308","targetHints":{"allow":["GET"]}}],"collection":[{"href":"https:\/\/aceleranet.ao\/en\/wp-json\/wp\/v2\/pages"}],"about":[{"href":"https:\/\/aceleranet.ao\/en\/wp-json\/wp\/v2\/types\/page"}],"author":[{"embeddable":true,"href":"https:\/\/aceleranet.ao\/en\/wp-json\/wp\/v2\/users\/1"}],"replies":[{"embeddable":true,"href":"https:\/\/aceleranet.ao\/en\/wp-json\/wp\/v2\/comments?post=308"}],"version-history":[{"count":73,"href":"https:\/\/aceleranet.ao\/en\/wp-json\/wp\/v2\/pages\/308\/revisions"}],"predecessor-version":[{"id":1289,"href":"https:\/\/aceleranet.ao\/en\/wp-json\/wp\/v2\/pages\/308\/revisions\/1289"}],"wp:attachment":[{"href":"https:\/\/aceleranet.ao\/en\/wp-json\/wp\/v2\/media?parent=308"}],"curies":[{"name":"wp","href":"https:\/\/api.w.org\/{rel}","templated":true}]}}